{"id":1843,"date":"2018-04-08T13:34:41","date_gmt":"2018-04-08T10:34:41","guid":{"rendered":"https:\/\/foxarchery.lv\/?page_id=1843"},"modified":"2018-04-23T13:04:58","modified_gmt":"2018-04-23T10:04:58","slug":"noteikumi","status":"publish","type":"page","link":"https:\/\/foxarchery.lv\/en\/noteikumi\/","title":{"rendered":"Noteikumi"},"content":{"rendered":"<p><strong>Pre\u010du pas\u016bt\u012b\u0161ana, pieg\u0101de un apmaksa.<\/strong><\/p>\n<p>Kad esi izv\u0113l\u0113jies sev t\u012bkamo preci, apstiprini to, spie\u017eot pogu \u201cIZV\u0112L\u0112TIES\u201d. Es sa\u0146em\u0161u epastu un sazin\u0101\u0161os ar Tevi, lai apstiprin\u0101tu pirkumu. Ja pied\u0101v\u0101jum\u0101 neatrodi ko v\u0113l\u0113jies, zvani man vai raksti, jo noliktava tiek visu laiku atjaunota un papildin\u0101ta.<\/p>\n<p>Kad b\u016bsim vienoju\u0161ies par pirkumu, es sagatavo\u0161u r\u0113\u0137inu un veik\u0161u pas\u016bt\u012bjumu.<\/p>\n<p>Ja izv\u0113l\u0113t\u0101 prece (loks, bultas utml.) ir gatava un atrodas Igaunijas noliktav\u0101, pieg\u0101de tiek organiz\u0113ta 1-3 darba dienu laik\u0101 no pas\u016bt\u012bjuma apmaksas br\u012b\u017ea. Pas\u016btot individu\u0101lu loku, pieg\u0101des ilgums var b\u016bt 2-6 ned\u0113\u013cas. Tas b\u016bs atkar\u012bgs no pasut\u012bt\u0101 loka specifik\u0101cijas.<\/p>\n<p>Sadarbojos ar\u012b ar liel\u0101kaj\u0101m lok\u0161au\u0161anas invent\u0101ra noliktav\u0101m Eirop\u0101, un preces no turienes ,,ce\u013co\u201d ilg\u0101k. Atsevi\u0161\u0137\u0101m prec\u0113m pieg\u0101des termi\u0146\u0161 var b\u016bt no 1 l\u012bdz 4 ned\u0113\u013c\u0101m.<\/p>\n<p>Pre\u010du pieg\u0101de\u00a0notiek\u00a0darba\u00a0dien\u0101s.<\/p>\n<p>Noform\u0113jot pas\u016bt\u012bjumu, preciz\u0113sim pieg\u0101des izmaksas. T\u0101s atkar\u012bgas no pas\u016bt\u012bto pre\u010du daudzuma un gabar\u012btiem.<\/p>\n<p>Preci var sa\u0146emt vai nu m\u016bsu biroj\u0101 R\u012bg\u0101, Ernest\u012bnes iel\u0101 24 (ieeja no pagalma), vai ar\u012b uz nor\u0101d\u012bto adresi, iepriek\u0161 to saska\u0146ojot.<\/p>\n","protected":false},"excerpt":{"rendered":"<p>Pre\u010du pas\u016bt\u012b\u0161ana, pieg\u0101de un apmaksa. Kad esi izv\u0113l\u0113jies sev t\u012bkamo preci, apstiprini to, spie\u017eot pogu \u201cIZV\u0112L\u0112TIES\u201d. Es sa\u0146em\u0161u epastu un<\/p>\n","protected":false},"author":6,"featured_media":0,"parent":0,"menu_order":0,"comment_status":"closed","ping_status":"closed","template":"","meta":[],"_links":{"self":[{"href":"https:\/\/foxarchery.lv\/en\/wp-json\/wp\/v2\/pages\/1843"}],"collection":[{"href":"https:\/\/foxarchery.lv\/en\/wp-json\/wp\/v2\/pages"}],"about":[{"href":"https:\/\/foxarchery.lv\/en\/wp-json\/wp\/v2\/types\/page"}],"author":[{"embeddable":true,"href":"https:\/\/foxarchery.lv\/en\/wp-json\/wp\/v2\/users\/6"}],"replies":[{"embeddable":true,"href":"https:\/\/foxarchery.lv\/en\/wp-json\/wp\/v2\/comments?post=1843"}],"version-history":[{"count":5,"href":"https:\/\/foxarchery.lv\/en\/wp-json\/wp\/v2\/pages\/1843\/revisions"}],"predecessor-version":[{"id":2199,"href":"https:\/\/foxarchery.lv\/en\/wp-json\/wp\/v2\/pages\/1843\/revisions\/2199"}],"wp:attachment":[{"href":"https:\/\/foxarchery.lv\/en\/wp-json\/wp\/v2\/media?parent=1843"}],"curies":[{"name":"wp","href":"https:\/\/api.w.org\/{rel}","templated":true}]}}