{"id":1961,"date":"2018-04-12T21:46:20","date_gmt":"2018-04-12T18:46:20","guid":{"rendered":"https:\/\/foxarchery.lv\/contact-us-3\/"},"modified":"2018-04-14T22:30:24","modified_gmt":"2018-04-14T19:30:24","slug":"contact-us-3","status":"publish","type":"page","link":"https:\/\/foxarchery.lv\/en\/contact-us-3\/","title":{"rendered":"Contact Us"},"content":{"rendered":"<p>[vc_row full_width=&#8221;stretch_row_content_no_spaces&#8221; css_animation=&#8221;fadeIn&#8221; css=&#8221;.vc_custom_1484584585742{margin-top: -40px !important;margin-bottom: 8vh !important;}&#8221;][vc_column]\n\t\t\t\n\t\t\t\t<div class=\"google-map-container  content-vertical-top content-horizontal-left\"  style=\"height:300px;\">\n\n\t\t\t\t\t<div class=\"woodmart-google-map-wrapper\">\n\t\t\t\t\t\t<div class=\"woodmart-google-map without-content google-map-647\"><\/div>\n\t\t\t\t\t<\/div>\n\n\t\t\t\t<\/div>\n\n\t\t\t\t\t[\/vc_column][\/vc_row][vc_row equal_height=&#8221;yes&#8221; css_animation=&#8221;fadeIn&#8221; css=&#8221;.vc_custom_1496931930911{margin-right: -40px !important;margin-left: -40px !important;}&#8221;][vc_column offset=&#8221;vc_col-lg-6 vc_col-md-6&#8243; css=&#8221;.vc_custom_1496932335926{border-right-width: 1px !important;padding-top: 20px !important;padding-right: 40px !important;padding-bottom: 10px !important;padding-left: 40px !important;border-right-color: rgba(129,129,129,0.2) !important;border-right-style: solid !important;}&#8221;]\n\t\t<div id=\"woodmart-title-id-69fb42bc89c4c\" class=\"title-wrapper  woodmart-title-color-default woodmart-title-style-bordered woodmart-title-size-default woodmart-title-width-100 text-left vc_custom_1484242758590\">\n\n\t\t\t\n\t\t\t<div class=\"liner-continer\">\n\t\t\t\t<span class=\"left-line\"><\/span>\n\t\t\t\t <h4 class=\"woodmart-title-container title  woodmart-font-weight-\" >SEND US AN EMAIL<\/h4>\t\t\t\t \t\t\t\t<span class=\"right-line\"><\/span>\n\t\t\t<\/div>\n\t\t\t\n\t\t\t\t\t\t\n\t\t\t\n\t\t<\/div>\n\t\t\n\t\t<div role=\"form\" class=\"wpcf7\" id=\"wpcf7-f608-o1\" lang=\"en-US\" dir=\"ltr\">\n<div class=\"screen-reader-response\"><p role=\"status\" aria-live=\"polite\" aria-atomic=\"true\"><\/p> <ul><\/ul><\/div>\n<form action=\"\/en\/wp-json\/wp\/v2\/pages\/1961#wpcf7-f608-o1\" method=\"post\" class=\"wpcf7-form init wpcf7-acceptance-as-validation\" novalidate=\"novalidate\" data-status=\"init\">\n<div style=\"display: none;\">\n<input type=\"hidden\" name=\"_wpcf7\" value=\"608\" \/>\n<input type=\"hidden\" name=\"_wpcf7_version\" value=\"5.5.1\" \/>\n<input type=\"hidden\" name=\"_wpcf7_locale\" value=\"en_US\" \/>\n<input type=\"hidden\" name=\"_wpcf7_unit_tag\" value=\"wpcf7-f608-o1\" \/>\n<input type=\"hidden\" name=\"_wpcf7_container_post\" value=\"0\" \/>\n<input type=\"hidden\" name=\"_wpcf7_posted_data_hash\" value=\"\" \/>\n<input type=\"hidden\" name=\"_wpcf7_recaptcha_response\" value=\"\" \/>\n<\/div>\n<div class=\"row\">\n<div class=\"col-md-6\" style='margin-bottom:20px;'><label>V\u0101rds *<\/label><span class=\"wpcf7-form-control-wrap your-name\"><input type=\"text\" name=\"your-name\" value=\"\" size=\"40\" class=\"wpcf7-form-control wpcf7-text wpcf7-validates-as-required\" aria-required=\"true\" aria-invalid=\"false\" \/><\/span><\/div>\n<div class=\"col-md-6\" style='margin-bottom:20px;'><label>E-pasts *<\/label><span class=\"wpcf7-form-control-wrap your-email\"><input type=\"email\" name=\"your-email\" value=\"\" size=\"40\" class=\"wpcf7-form-control wpcf7-text wpcf7-email wpcf7-validates-as-required wpcf7-validates-as-email\" aria-required=\"true\" aria-invalid=\"false\" \/><\/span><\/div>\n<\/div>\n<div class=\"row\">\n<div class=\"col-md-6\" style='margin-bottom:20px;'><label>Kontaktt\u0101lrunis *<\/label><span class=\"wpcf7-form-control-wrap your-phone\"><input type=\"tel\" name=\"your-phone\" value=\"\" size=\"40\" class=\"wpcf7-form-control wpcf7-text wpcf7-tel wpcf7-validates-as-required wpcf7-validates-as-tel\" aria-required=\"true\" aria-invalid=\"false\" \/><\/span><\/div>\n<div class=\"col-md-6\" style='margin-bottom:20px;'><label>Uz\u0146\u0113muma nosaukums<\/label><span class=\"wpcf7-form-control-wrap your-company\"><input type=\"text\" name=\"your-company\" value=\"\" size=\"40\" class=\"wpcf7-form-control wpcf7-text\" aria-invalid=\"false\" \/><\/span><\/div>\n<\/div>\n<p><label>Zi\u0146a<\/label><span class=\"wpcf7-form-control-wrap your-message\"><textarea name=\"your-message\" cols=\"40\" rows=\"10\" class=\"wpcf7-form-control wpcf7-textarea\" aria-invalid=\"false\"><\/textarea><\/span><\/p>\n<p style='margin-bottom:20px;'>\n<span class=\"wpcf7-form-control-wrap acceptance-370\"><span class=\"wpcf7-form-control wpcf7-acceptance\"><span class=\"wpcf7-list-item\"><label><input type=\"checkbox\" name=\"acceptance-370\" value=\"1\" aria-invalid=\"false\" id=\"piekrisana\" \/><span class=\"wpcf7-list-item-label\">Nospie\u017eot pogu \u201cNos\u016bt\u012bt\u201d, J\u016bs apliecin\u0101t, ka esat iepazinies ar m\u016bsu <a href=\u201dhttps:\/\/foxarchery.lv\/privatuma-politika\/\u201d>Priv\u0101tuma politiku<\/a> un piekr\u012btat tai.<\/span><\/label><\/span><\/span><\/span>\n<\/p>\n<p><input type=\"submit\" value=\"NOS\u016aT\u012aT\" class=\"wpcf7-form-control has-spinner wpcf7-submit btn-color-black\" \/><\/p>\n<div class=\"wpcf7-response-output\" aria-hidden=\"true\"><\/div><\/form><\/div>[\/vc_column][vc_column offset=&#8221;vc_col-lg-6 vc_col-md-6&#8243; css=&#8221;.vc_custom_1496932331302{padding-top: 20px !important;padding-right: 40px !important;padding-bottom: 10px !important;padding-left: 40px !important;}&#8221;]\n\t\t<div id=\"woodmart-title-id-69fb42bc8b168\" class=\"title-wrapper  woodmart-title-color-default woodmart-title-style-bordered woodmart-title-size-default woodmart-title-width-100 text-left vc_custom_1484251594500\">\n\n\t\t\t\n\t\t\t<div class=\"liner-continer\">\n\t\t\t\t<span class=\"left-line\"><\/span>\n\t\t\t\t <h4 class=\"woodmart-title-container title  woodmart-font-weight-\" >FREQUENTLY ASKED QUESTIONS<\/h4>\t\t\t\t \t\t\t\t<span class=\"right-line\"><\/span>\n\t\t\t<\/div>\n\t\t\t\n\t\t\t\t\t\t\n\t\t\t\n\t\t<\/div>\n\t\t\n\t\t[vc_column_text]<\/p>\n<p style=\"text-align: left;\">Massa inceptos porta a pretium a consectetur phasellus suspendisse ridiculus ipsum senectus lobortis euismod ut blandit sodales justo <a href=\"#\"><strong>ligula ullamcorper<\/strong><\/a> egestas nulla. Fames parturient vulputate ullamcorper faucibus urna at nunc ridiculus quis.<\/p>\n<p>Sagittis posuere id nam quis <a href=\"#\"><strong>ullamcorper vestibulum<\/strong><\/a> vestibulum a facilisi at elit hendrerit scelerisque sodales nam dis orci non aliquet justo ligula ullamcorper egestas nulla enim.[\/vc_column_text]\n\t\t<div id=\"woodmart-title-id-69fb42bc8b1b8\" class=\"title-wrapper  woodmart-title-color-default woodmart-title-style-bordered woodmart-title-size-default woodmart-title-width-100 text-left vc_custom_1484253141262\">\n\n\t\t\t\n\t\t\t<div class=\"liner-continer\">\n\t\t\t\t<span class=\"left-line\"><\/span>\n\t\t\t\t <h4 class=\"woodmart-title-container title  woodmart-font-weight-\" >CONTACT US<\/h4>\t\t\t\t \t\t\t\t<span class=\"right-line\"><\/span>\n\t\t\t<\/div>\n\t\t\t\n\t\t\t\t\t\t\n\t\t\t\n\t\t<\/div>\n\t\t\n\t\t[vc_row_inner css=&#8221;.vc_custom_1484253288811{margin-bottom: 0px !important;}&#8221;][vc_column_inner width=&#8221;1\/2&#8243;]\t\t\t<div class=\" woodmart-info-box text-left box-title-small icon-alignment-left box- color-scheme-dark vc_custom_1498544309319\"  >\n\t\t\t\t\t\t\t\t\t<div class=\"box-icon-wrapper  with-icon icon-style-simple\">\n\t\t\t\t\t\t<div class=\"info-box-icon\">\n\n\t\t\t\t\t\t\n\t\t\t\t\t\t\t\t\t\t\t\t\t\t\t\t\t\t\t\t\t\t\t\t\t\t\t\t\t\t\n\t\t\t\t\t\t\n\t\t\t\t\t\t<\/div>\n\t\t\t\t\t<\/div>\n\t\t\t\t\t\t\t\t<div class=\"info-box-content\">\n\t\t\t\t\t\t\t\t\t\t<div class=\"info-box-inner\">\n\t\t\t\t\t\t<span style=\"color: #333333\"><strong>Phone:<\/strong><\/span> 987-654-3210<br \/>\n<span style=\"color: #333333\"><strong>Email:<\/strong><\/span>\u00a0xtemos@gmail.com\t\t\t\t\t<\/div>\n\n\t\t\t\t\t\t\t\t\t\t\n\t\t\t\t<\/div>\n\t\t\t<\/div>\n\t\t\t\t\t<div class=\" woodmart-info-box text-left box-title-small icon-alignment-left box- color-scheme-dark vc_custom_1498543954501\"  >\n\t\t\t\t\t\t\t\t\t<div class=\"box-icon-wrapper  with-icon icon-style-simple\">\n\t\t\t\t\t\t<div class=\"info-box-icon\">\n\n\t\t\t\t\t\t\n\t\t\t\t\t\t\t\t\t\t\t\t\t\t\t\t\t\t\t\t\t\t\t\t\t\t\t\t\t\t\n\t\t\t\t\t\t\n\t\t\t\t\t\t<\/div>\n\t\t\t\t\t<\/div>\n\t\t\t\t\t\t\t\t<div class=\"info-box-content\">\n\t\t\t\t\t\t\t\t\t\t<div class=\"info-box-inner\">\n\t\t\t\t\t\t<span style=\"color: #333333\"><strong>Free standard shipping<\/strong><\/span><br \/>\n<span style=\"color: #333333\"><strong>on all orders.<\/strong><\/span>\t\t\t\t\t<\/div>\n\n\t\t\t\t\t\t\t\t\t\t\n\t\t\t\t<\/div>\n\t\t\t<\/div>\n\t\t[\/vc_column_inner][vc_column_inner width=&#8221;1\/2&#8243;]\t\t\t<div class=\" woodmart-info-box text-left box-title-small icon-alignment-left box- color-scheme-dark vc_custom_1498543943297\"  >\n\t\t\t\t\t\t\t\t\t<div class=\"box-icon-wrapper  with-icon icon-style-simple\">\n\t\t\t\t\t\t<div class=\"info-box-icon\">\n\n\t\t\t\t\t\t\n\t\t\t\t\t\t\t\t\t\t\t\t\t\t\t\t\t\t\t\t\t\t\t\t\t\t\t\t\t\t\n\t\t\t\t\t\t\n\t\t\t\t\t\t<\/div>\n\t\t\t\t\t<\/div>\n\t\t\t\t\t\t\t\t<div class=\"info-box-content\">\n\t\t\t\t\t\t\t\t\t\t<div class=\"info-box-inner\">\n\t\t\t\t\t\t<span style=\"color: #333333\"><strong>Support forum<\/strong><\/span><br \/>\n<span style=\"color: #333333\"><strong>for over 24h<\/strong><\/span>\t\t\t\t\t<\/div>\n\n\t\t\t\t\t\t\t\t\t\t\n\t\t\t\t<\/div>\n\t\t\t<\/div>\n\t\t\t\t\t<div class=\" woodmart-info-box text-left box-title-small icon-alignment-left box- color-scheme-dark vc_custom_1498543963628\"  >\n\t\t\t\t\t\t\t\t\t<div class=\"box-icon-wrapper  with-icon icon-style-simple\">\n\t\t\t\t\t\t<div class=\"info-box-icon\">\n\n\t\t\t\t\t\t\n\t\t\t\t\t\t\t\t\t\t\t\t\t\t\t\t\t\t\t\t\t\t\t\t\t\t\t\t\t\t\n\t\t\t\t\t\t\n\t\t\t\t\t\t<\/div>\n\t\t\t\t\t<\/div>\n\t\t\t\t\t\t\t\t<div class=\"info-box-content\">\n\t\t\t\t\t\t\t\t\t\t<div class=\"info-box-inner\">\n\t\t\t\t\t\t<span style=\"color: #333333\"><strong>Address:<\/strong><\/span> 8099 Trenton St.<br \/>\nMinneapolis, MN 55406\t\t\t\t\t<\/div>\n\n\t\t\t\t\t\t\t\t\t\t\n\t\t\t\t<\/div>\n\t\t\t<\/div>\n\t\t[\/vc_column_inner][\/vc_row_inner][vc_separator css=&#8221;.vc_custom_1484254145420{margin-bottom: 30px !important;}&#8221;][vc_column_text css=&#8221;.vc_custom_1496932258119{margin-bottom: 0px !important;}&#8221;]<span style=\"color: #333333;\"><strong>Do you have questions about how we can help your company?<br \/>\n<a href=\"#\"><span class=\"color-primary\">Send us an email and we\u2019ll get in touch shortly.<\/span><\/a><\/strong><\/span>[\/vc_column_text][\/vc_column][\/vc_row]<\/p>\n","protected":false},"excerpt":{"rendered":"<p>[vc_row full_width=&#8221;stretch_row_content_no_spaces&#8221; css_animation=&#8221;fadeIn&#8221; css=&#8221;.vc_custom_1484584585742{margin-top: -40px !important;margin-bottom: 8vh !important;}&#8221;][vc_column][\/vc_column][\/vc_row][vc_row equal_height=&#8221;yes&#8221; css_animation=&#8221;fadeIn&#8221; css=&#8221;.vc_custom_1496931930911{margin-right: -40px !important;margin-left: -40px !important;}&#8221;][vc_column offset=&#8221;vc_col-lg-6 vc_col-md-6&#8243; css=&#8221;.vc_custom_1496932335926{border-right-width: 1px !important;padding-top:<\/p>\n","protected":false},"author":6,"featured_media":2386,"parent":0,"menu_order":0,"comment_status":"closed","ping_status":"closed","template":"","meta":[],"_links":{"self":[{"href":"https:\/\/foxarchery.lv\/en\/wp-json\/wp\/v2\/pages\/1961"}],"collection":[{"href":"https:\/\/foxarchery.lv\/en\/wp-json\/wp\/v2\/pages"}],"about":[{"href":"https:\/\/foxarchery.lv\/en\/wp-json\/wp\/v2\/types\/page"}],"author":[{"embeddable":true,"href":"https:\/\/foxarchery.lv\/en\/wp-json\/wp\/v2\/users\/6"}],"replies":[{"embeddable":true,"href":"https:\/\/foxarchery.lv\/en\/wp-json\/wp\/v2\/comments?post=1961"}],"version-history":[{"count":4,"href":"https:\/\/foxarchery.lv\/en\/wp-json\/wp\/v2\/pages\/1961\/revisions"}],"predecessor-version":[{"id":1972,"href":"https:\/\/foxarchery.lv\/en\/wp-json\/wp\/v2\/pages\/1961\/revisions\/1972"}],"wp:featuredmedia":[{"embeddable":true,"href":"https:\/\/foxarchery.lv\/en\/wp-json\/wp\/v2\/media\/2386"}],"wp:attachment":[{"href":"https:\/\/foxarchery.lv\/en\/wp-json\/wp\/v2\/media?parent=1961"}],"curies":[{"name":"wp","href":"https:\/\/api.w.org\/{rel}","templated":true}]}}