{"id":1673,"date":"2018-03-19T10:36:43","date_gmt":"2018-03-19T08:36:43","guid":{"rendered":"https:\/\/foxarchery.lv\/?post_type=product&#038;p=1673"},"modified":"2018-05-28T12:51:30","modified_gmt":"2018-05-28T09:51:30","slug":"klasiskais-loks-legend-20-30-lbs","status":"publish","type":"product","link":"https:\/\/foxarchery.lv\/en\/product\/klasiskais-loks-legend-20-30-lbs\/","title":{"rendered":"Klasiskais Loks Legend 20-30 lbs"},"content":{"rendered":"","protected":false},"excerpt":{"rendered":"<p class=\"p1\">Klasiskais loks Legend lieliski piem\u0113rots visiem, kuri v\u0113las s\u0101kt nodarboties ar lok\u0161au\u0161anu.<\/p>\n<p class=\"p1\">Tas ir izgatvots no b\u0113rza un ir pieejams gan krei\u013cu, gan labro\u010du vari\u0101cij\u0101s.<\/p>\n<p class=\"p1\">Ja klients v\u0113las, loku ir iesp\u0113jams izgatavot da\u017e\u0101d\u0101s kr\u0101s\u0101s.<\/p>\n<p class=\"p1\">Falco loki izce\u013c\u0101s ar labu kvalit\u0101ti,jo katrs loks ir 100% roku darbs, at\u0161\u0137ir\u012bb\u0101 no tirg\u016b pieejamajiem r\u016bpnieciski ra\u017eotajiem lokiem.<\/p>\n<p class=\"p1\">Pirms izv\u0113l\u0113ties savu loku, piezvaniet mums, lai sa\u0146emtu konsult\u0101ciju!!!<\/p>\n","protected":false},"featured_media":1674,"comment_status":"open","ping_status":"closed","template":"","meta":[],"product_cat":[49,50],"product_tag":[],"_links":{"self":[{"href":"https:\/\/foxarchery.lv\/en\/wp-json\/wp\/v2\/product\/1673"}],"collection":[{"href":"https:\/\/foxarchery.lv\/en\/wp-json\/wp\/v2\/product"}],"about":[{"href":"https:\/\/foxarchery.lv\/en\/wp-json\/wp\/v2\/types\/product"}],"replies":[{"embeddable":true,"href":"https:\/\/foxarchery.lv\/en\/wp-json\/wp\/v2\/comments?post=1673"}],"wp:featuredmedia":[{"embeddable":true,"href":"https:\/\/foxarchery.lv\/en\/wp-json\/wp\/v2\/media\/1674"}],"wp:attachment":[{"href":"https:\/\/foxarchery.lv\/en\/wp-json\/wp\/v2\/media?parent=1673"}],"wp:term":[{"taxonomy":"product_cat","embeddable":true,"href":"https:\/\/foxarchery.lv\/en\/wp-json\/wp\/v2\/product_cat?post=1673"},{"taxonomy":"product_tag","embeddable":true,"href":"https:\/\/foxarchery.lv\/en\/wp-json\/wp\/v2\/product_tag?post=1673"}],"curies":[{"name":"wp","href":"https:\/\/api.w.org\/{rel}","templated":true}]}}