{"id":1675,"date":"2018-03-19T10:45:08","date_gmt":"2018-03-19T08:45:08","guid":{"rendered":"https:\/\/foxarchery.lv\/?post_type=product&#038;p=1675"},"modified":"2018-05-11T18:50:09","modified_gmt":"2018-05-11T15:50:09","slug":"klasiskais-loks-robin","status":"publish","type":"product","link":"https:\/\/foxarchery.lv\/en\/product\/klasiskais-loks-robin\/","title":{"rendered":"Klasiskais loks Robin"},"content":{"rendered":"","protected":false},"excerpt":{"rendered":"<p class=\"p1\">Klasiskais loks Robin ir paredz\u0113ts b\u0113rniem no 4 l\u012bdz 11 gadu vecumam. To ir iesp\u0113jams pas\u016bt\u012bt da\u017e\u0101d\u0101s kr\u0101s\u0101s.<\/p>\n<p class=\"p1\">Falco loki izce\u013c\u0101s ar labu kvalit\u0101ti,jo katrs loks ir 100% roku darbs, at\u0161\u0137ir\u012bb\u0101 no tirg\u016b pieejamajiem r\u016bpnieciski ra\u017eotajiem lokiem.<\/p>\n<p class=\"p1\">Pirms izv\u0113l\u0113ties savu loku, piezvaniet mums, lai sa\u0146emtu konsult\u0101ciju!!!<\/p>\n","protected":false},"featured_media":1676,"comment_status":"open","ping_status":"closed","template":"","meta":[],"product_cat":[49,50],"product_tag":[],"_links":{"self":[{"href":"https:\/\/foxarchery.lv\/en\/wp-json\/wp\/v2\/product\/1675"}],"collection":[{"href":"https:\/\/foxarchery.lv\/en\/wp-json\/wp\/v2\/product"}],"about":[{"href":"https:\/\/foxarchery.lv\/en\/wp-json\/wp\/v2\/types\/product"}],"replies":[{"embeddable":true,"href":"https:\/\/foxarchery.lv\/en\/wp-json\/wp\/v2\/comments?post=1675"}],"wp:featuredmedia":[{"embeddable":true,"href":"https:\/\/foxarchery.lv\/en\/wp-json\/wp\/v2\/media\/1676"}],"wp:attachment":[{"href":"https:\/\/foxarchery.lv\/en\/wp-json\/wp\/v2\/media?parent=1675"}],"wp:term":[{"taxonomy":"product_cat","embeddable":true,"href":"https:\/\/foxarchery.lv\/en\/wp-json\/wp\/v2\/product_cat?post=1675"},{"taxonomy":"product_tag","embeddable":true,"href":"https:\/\/foxarchery.lv\/en\/wp-json\/wp\/v2\/product_tag?post=1675"}],"curies":[{"name":"wp","href":"https:\/\/api.w.org\/{rel}","templated":true}]}}