{"id":1677,"date":"2018-03-19T10:48:34","date_gmt":"2018-03-19T08:48:34","guid":{"rendered":"https:\/\/foxarchery.lv\/?post_type=product&#038;p=1677"},"modified":"2018-05-11T19:49:35","modified_gmt":"2018-05-11T16:49:35","slug":"klasiskais-loks-trophy","status":"publish","type":"product","link":"https:\/\/foxarchery.lv\/en\/product\/klasiskais-loks-trophy\/","title":{"rendered":"Klasiskais loks Trophy"},"content":{"rendered":"","protected":false},"excerpt":{"rendered":"<p class=\"p1\">Klasiskais loks Trophy tiek izgatavots no eksotisk\u0101m koksn\u0113m, k\u0101, piem\u0113ram, kokobolo,ebon\u012bts,palisandrs u.c..<\/p>\n<p class=\"p1\">Loks tiek izgatavots p\u0113c speci\u0101la pas\u016bt\u012bjuma.To ir iesp\u0113jams papildin\u0101t ar karbona, &#8220;Diamond&#8221; karbona un bambuka (Bamboo core)<\/p>\n<p class=\"p1\">loksn\u0113m, kas padara \u0161o loku elast\u012bg\u0101ku un veicina liel\u0101ku bultas \u0101tumu. Katrs papildin\u0101jums ir par papildus samaksu.<\/p>\n<p class=\"p1\">Falco loki izce\u013c\u0101s ar labu kvalit\u0101ti,jo katrs loks ir 100% roku darbs, at\u0161\u0137ir\u012bb\u0101 no tirg\u016b pieejamajiem r\u016bpnieciski ra\u017eotajiem lokiem.<\/p>\n<p class=\"p1\">Pirms izv\u0113l\u0113ties savu loku, piezvaniet mums, lai sa\u0146emtu konsult\u0101ciju!!!<\/p>\n","protected":false},"featured_media":1678,"comment_status":"open","ping_status":"closed","template":"","meta":[],"product_cat":[49,50],"product_tag":[],"_links":{"self":[{"href":"https:\/\/foxarchery.lv\/en\/wp-json\/wp\/v2\/product\/1677"}],"collection":[{"href":"https:\/\/foxarchery.lv\/en\/wp-json\/wp\/v2\/product"}],"about":[{"href":"https:\/\/foxarchery.lv\/en\/wp-json\/wp\/v2\/types\/product"}],"replies":[{"embeddable":true,"href":"https:\/\/foxarchery.lv\/en\/wp-json\/wp\/v2\/comments?post=1677"}],"wp:featuredmedia":[{"embeddable":true,"href":"https:\/\/foxarchery.lv\/en\/wp-json\/wp\/v2\/media\/1678"}],"wp:attachment":[{"href":"https:\/\/foxarchery.lv\/en\/wp-json\/wp\/v2\/media?parent=1677"}],"wp:term":[{"taxonomy":"product_cat","embeddable":true,"href":"https:\/\/foxarchery.lv\/en\/wp-json\/wp\/v2\/product_cat?post=1677"},{"taxonomy":"product_tag","embeddable":true,"href":"https:\/\/foxarchery.lv\/en\/wp-json\/wp\/v2\/product_tag?post=1677"}],"curies":[{"name":"wp","href":"https:\/\/api.w.org\/{rel}","templated":true}]}}