{"id":1680,"date":"2018-03-19T10:52:59","date_gmt":"2018-03-19T08:52:59","guid":{"rendered":"https:\/\/foxarchery.lv\/?post_type=product&#038;p=1680"},"modified":"2024-06-28T15:59:40","modified_gmt":"2024-06-28T12:59:40","slug":"koka-bultas-falco-select","status":"publish","type":"product","link":"https:\/\/foxarchery.lv\/en\/product\/koka-bultas-falco-select\/","title":{"rendered":"Koka bultas FALCO Select"},"content":{"rendered":"","protected":false},"excerpt":{"rendered":"<p class=\"p1\">Koka bultas 8mm, paredz\u0113tas lokiem ar atvilciena sp\u0113ku l\u012bdz 40lbs<\/p>\n","protected":false},"featured_media":1681,"comment_status":"open","ping_status":"closed","template":"","meta":[],"product_cat":[52,53],"product_tag":[],"_links":{"self":[{"href":"https:\/\/foxarchery.lv\/en\/wp-json\/wp\/v2\/product\/1680"}],"collection":[{"href":"https:\/\/foxarchery.lv\/en\/wp-json\/wp\/v2\/product"}],"about":[{"href":"https:\/\/foxarchery.lv\/en\/wp-json\/wp\/v2\/types\/product"}],"replies":[{"embeddable":true,"href":"https:\/\/foxarchery.lv\/en\/wp-json\/wp\/v2\/comments?post=1680"}],"wp:featuredmedia":[{"embeddable":true,"href":"https:\/\/foxarchery.lv\/en\/wp-json\/wp\/v2\/media\/1681"}],"wp:attachment":[{"href":"https:\/\/foxarchery.lv\/en\/wp-json\/wp\/v2\/media?parent=1680"}],"wp:term":[{"taxonomy":"product_cat","embeddable":true,"href":"https:\/\/foxarchery.lv\/en\/wp-json\/wp\/v2\/product_cat?post=1680"},{"taxonomy":"product_tag","embeddable":true,"href":"https:\/\/foxarchery.lv\/en\/wp-json\/wp\/v2\/product_tag?post=1680"}],"curies":[{"name":"wp","href":"https:\/\/api.w.org\/{rel}","templated":true}]}}