{"id":1686,"date":"2018-03-19T11:05:49","date_gmt":"2018-03-19T09:05:49","guid":{"rendered":"https:\/\/foxarchery.lv\/?post_type=product&#038;p=1686"},"modified":"2024-06-28T15:59:40","modified_gmt":"2024-06-28T12:59:40","slug":"bultu-maks-falco-q-111","status":"publish","type":"product","link":"https:\/\/foxarchery.lv\/en\/product\/bultu-maks-falco-q-111\/","title":{"rendered":"Bultu maks Falco Q 111"},"content":{"rendered":"","protected":false},"excerpt":{"rendered":"<p class=\"p1\">Klasisks s\u0101nu bultu maks, izgatavots no dab\u012bg\u0101s \u0101das.<\/p>\n","protected":false},"featured_media":1687,"comment_status":"open","ping_status":"closed","template":"","meta":[],"product_cat":[56,57],"product_tag":[],"_links":{"self":[{"href":"https:\/\/foxarchery.lv\/en\/wp-json\/wp\/v2\/product\/1686"}],"collection":[{"href":"https:\/\/foxarchery.lv\/en\/wp-json\/wp\/v2\/product"}],"about":[{"href":"https:\/\/foxarchery.lv\/en\/wp-json\/wp\/v2\/types\/product"}],"replies":[{"embeddable":true,"href":"https:\/\/foxarchery.lv\/en\/wp-json\/wp\/v2\/comments?post=1686"}],"wp:featuredmedia":[{"embeddable":true,"href":"https:\/\/foxarchery.lv\/en\/wp-json\/wp\/v2\/media\/1687"}],"wp:attachment":[{"href":"https:\/\/foxarchery.lv\/en\/wp-json\/wp\/v2\/media?parent=1686"}],"wp:term":[{"taxonomy":"product_cat","embeddable":true,"href":"https:\/\/foxarchery.lv\/en\/wp-json\/wp\/v2\/product_cat?post=1686"},{"taxonomy":"product_tag","embeddable":true,"href":"https:\/\/foxarchery.lv\/en\/wp-json\/wp\/v2\/product_tag?post=1686"}],"curies":[{"name":"wp","href":"https:\/\/api.w.org\/{rel}","templated":true}]}}