{"id":1688,"date":"2018-03-19T11:17:35","date_gmt":"2018-03-19T09:17:35","guid":{"rendered":"https:\/\/foxarchery.lv\/?post_type=product&#038;p=1688"},"modified":"2022-12-11T17:06:35","modified_gmt":"2022-12-11T15:06:35","slug":"roku-aizsargs-falco-g101","status":"publish","type":"product","link":"https:\/\/foxarchery.lv\/en\/product\/roku-aizsargs-falco-g101\/","title":{"rendered":"Roku aizsargs Falco G101"},"content":{"rendered":"","protected":false},"excerpt":{"rendered":"<p class=\"p1\">Roku aizsargs no dab\u012bg\u0101s \u0101das.<\/p>\n","protected":false},"featured_media":1689,"comment_status":"open","ping_status":"closed","template":"","meta":[],"product_cat":[56,58],"product_tag":[],"_links":{"self":[{"href":"https:\/\/foxarchery.lv\/en\/wp-json\/wp\/v2\/product\/1688"}],"collection":[{"href":"https:\/\/foxarchery.lv\/en\/wp-json\/wp\/v2\/product"}],"about":[{"href":"https:\/\/foxarchery.lv\/en\/wp-json\/wp\/v2\/types\/product"}],"replies":[{"embeddable":true,"href":"https:\/\/foxarchery.lv\/en\/wp-json\/wp\/v2\/comments?post=1688"}],"wp:featuredmedia":[{"embeddable":true,"href":"https:\/\/foxarchery.lv\/en\/wp-json\/wp\/v2\/media\/1689"}],"wp:attachment":[{"href":"https:\/\/foxarchery.lv\/en\/wp-json\/wp\/v2\/media?parent=1688"}],"wp:term":[{"taxonomy":"product_cat","embeddable":true,"href":"https:\/\/foxarchery.lv\/en\/wp-json\/wp\/v2\/product_cat?post=1688"},{"taxonomy":"product_tag","embeddable":true,"href":"https:\/\/foxarchery.lv\/en\/wp-json\/wp\/v2\/product_tag?post=1688"}],"curies":[{"name":"wp","href":"https:\/\/api.w.org\/{rel}","templated":true}]}}