{"id":1690,"date":"2018-03-19T11:20:27","date_gmt":"2018-03-19T09:20:27","guid":{"rendered":"https:\/\/foxarchery.lv\/?post_type=product&#038;p=1690"},"modified":"2023-03-17T22:29:15","modified_gmt":"2023-03-17T20:29:15","slug":"sausanas-cimds-falco-f300a","status":"publish","type":"product","link":"https:\/\/foxarchery.lv\/en\/product\/sausanas-cimds-falco-f300a\/","title":{"rendered":"\u0160au\u0161anas cimds Falco F300A"},"content":{"rendered":"","protected":false},"excerpt":{"rendered":"<p class=\"p1\">\u0160au\u0161anas cimds no dab\u012bg\u0101s \u0101das. Pieejamie izm\u0113ri &#8211; XS, S,M, L, XL, XXL.<\/p>\n","protected":false},"featured_media":1691,"comment_status":"open","ping_status":"closed","template":"","meta":[],"product_cat":[56,59],"product_tag":[],"_links":{"self":[{"href":"https:\/\/foxarchery.lv\/en\/wp-json\/wp\/v2\/product\/1690"}],"collection":[{"href":"https:\/\/foxarchery.lv\/en\/wp-json\/wp\/v2\/product"}],"about":[{"href":"https:\/\/foxarchery.lv\/en\/wp-json\/wp\/v2\/types\/product"}],"replies":[{"embeddable":true,"href":"https:\/\/foxarchery.lv\/en\/wp-json\/wp\/v2\/comments?post=1690"}],"wp:featuredmedia":[{"embeddable":true,"href":"https:\/\/foxarchery.lv\/en\/wp-json\/wp\/v2\/media\/1691"}],"wp:attachment":[{"href":"https:\/\/foxarchery.lv\/en\/wp-json\/wp\/v2\/media?parent=1690"}],"wp:term":[{"taxonomy":"product_cat","embeddable":true,"href":"https:\/\/foxarchery.lv\/en\/wp-json\/wp\/v2\/product_cat?post=1690"},{"taxonomy":"product_tag","embeddable":true,"href":"https:\/\/foxarchery.lv\/en\/wp-json\/wp\/v2\/product_tag?post=1690"}],"curies":[{"name":"wp","href":"https:\/\/api.w.org\/{rel}","templated":true}]}}