{"id":1692,"date":"2018-03-19T11:23:51","date_gmt":"2018-03-19T09:23:51","guid":{"rendered":"https:\/\/foxarchery.lv\/?post_type=product&#038;p=1692"},"modified":"2024-06-16T19:33:53","modified_gmt":"2024-06-16T16:33:53","slug":"merka-pamatne","status":"publish","type":"product","link":"https:\/\/foxarchery.lv\/en\/product\/merka-pamatne\/","title":{"rendered":"M\u0113r\u0137a pamatne"},"content":{"rendered":"","protected":false},"excerpt":{"rendered":"<p class=\"p1\">M\u0113r\u0137a pamatne no p\u012btiem salmiem. Diametrs 90cm, svars 19 kg.<\/p>\n","protected":false},"featured_media":1693,"comment_status":"open","ping_status":"closed","template":"","meta":[],"product_cat":[56,60],"product_tag":[],"_links":{"self":[{"href":"https:\/\/foxarchery.lv\/en\/wp-json\/wp\/v2\/product\/1692"}],"collection":[{"href":"https:\/\/foxarchery.lv\/en\/wp-json\/wp\/v2\/product"}],"about":[{"href":"https:\/\/foxarchery.lv\/en\/wp-json\/wp\/v2\/types\/product"}],"replies":[{"embeddable":true,"href":"https:\/\/foxarchery.lv\/en\/wp-json\/wp\/v2\/comments?post=1692"}],"wp:featuredmedia":[{"embeddable":true,"href":"https:\/\/foxarchery.lv\/en\/wp-json\/wp\/v2\/media\/1693"}],"wp:attachment":[{"href":"https:\/\/foxarchery.lv\/en\/wp-json\/wp\/v2\/media?parent=1692"}],"wp:term":[{"taxonomy":"product_cat","embeddable":true,"href":"https:\/\/foxarchery.lv\/en\/wp-json\/wp\/v2\/product_cat?post=1692"},{"taxonomy":"product_tag","embeddable":true,"href":"https:\/\/foxarchery.lv\/en\/wp-json\/wp\/v2\/product_tag?post=1692"}],"curies":[{"name":"wp","href":"https:\/\/api.w.org\/{rel}","templated":true}]}}