{"id":1694,"date":"2018-03-19T11:28:17","date_gmt":"2018-03-19T09:28:17","guid":{"rendered":"https:\/\/foxarchery.lv\/?post_type=product&#038;p=1694"},"modified":"2019-01-17T09:06:59","modified_gmt":"2019-01-17T07:06:59","slug":"arbaleta-komplekts-titan-xtreme","status":"publish","type":"product","link":"https:\/\/foxarchery.lv\/en\/product\/arbaleta-komplekts-titan-xtreme\/","title":{"rendered":"Arbaleta komplekts Titan Xtreme"},"content":{"rendered":"","protected":false},"excerpt":{"rendered":"<p class=\"p1\">\u0160is arbalets ir &#8220;dro\u0161s darba zirgs&#8221;. Izgatavots no augst\u0101k\u0101s kvalit\u0101tes materi\u0101liem.<\/p>\n<p class=\"p1\">Veicot element\u0101ru apkopi, tas kalpos Jums gadiem ilgi neko nemainot!<\/p>\n<p class=\"p1\">Komplekt\u0101 ietilpst arbalets TP Titan Xtreme, 3 aluminija bultas TP,<\/p>\n<p class=\"p1\">bultu tur\u0113t\u0101js un TP 3x Pro View optiskais t\u0113meklis.<\/p>\n<p class=\"p1\">Papildus ir iesp\u0113jams ieg\u0101d\u0101ties uzvilk\u0161anas meh\u0101nismu AcuDraw 50 vai AcuDraw.<\/p>\n<p class=\"p1\">(skat\u012bt Piedreumu sada\u013c\u0101 )<\/p>\n<p class=\"p1\">Lai sa\u0146emtu pied\u0101v\u0101jumu par citiem Ten Point arbaletu mode\u013ciem, l\u016bdzam sazin\u0101ties ar mums!<\/p>\n<p class=\"p1\">Specifik\u0101cija:<\/p>\n<p class=\"p1\">Peak weight: 165 lb<\/p>\n<p class=\"p1\">Arow speed: 340 fps<\/p>\n<p class=\"p1\">Overall length:35&#8243;<\/p>\n<p class=\"p1\">Axle-to-Axle: 21,5&#8243;<\/p>\n<p class=\"p1\">Mass weight: 6,7 lbs<\/p>\n","protected":false},"featured_media":1695,"comment_status":"open","ping_status":"closed","template":"","meta":[],"product_cat":[61],"product_tag":[],"_links":{"self":[{"href":"https:\/\/foxarchery.lv\/en\/wp-json\/wp\/v2\/product\/1694"}],"collection":[{"href":"https:\/\/foxarchery.lv\/en\/wp-json\/wp\/v2\/product"}],"about":[{"href":"https:\/\/foxarchery.lv\/en\/wp-json\/wp\/v2\/types\/product"}],"replies":[{"embeddable":true,"href":"https:\/\/foxarchery.lv\/en\/wp-json\/wp\/v2\/comments?post=1694"}],"wp:featuredmedia":[{"embeddable":true,"href":"https:\/\/foxarchery.lv\/en\/wp-json\/wp\/v2\/media\/1695"}],"wp:attachment":[{"href":"https:\/\/foxarchery.lv\/en\/wp-json\/wp\/v2\/media?parent=1694"}],"wp:term":[{"taxonomy":"product_cat","embeddable":true,"href":"https:\/\/foxarchery.lv\/en\/wp-json\/wp\/v2\/product_cat?post=1694"},{"taxonomy":"product_tag","embeddable":true,"href":"https:\/\/foxarchery.lv\/en\/wp-json\/wp\/v2\/product_tag?post=1694"}],"curies":[{"name":"wp","href":"https:\/\/api.w.org\/{rel}","templated":true}]}}