{"id":1696,"date":"2018-03-19T11:40:07","date_gmt":"2018-03-19T09:40:07","guid":{"rendered":"https:\/\/foxarchery.lv\/?post_type=product&#038;p=1696"},"modified":"2025-06-09T13:21:09","modified_gmt":"2025-06-09T10:21:09","slug":"arbaleta-komplekts-carbon-express-advantex","status":"publish","type":"product","link":"https:\/\/foxarchery.lv\/en\/product\/arbaleta-komplekts-carbon-express-advantex\/","title":{"rendered":"Arbaleta komplekts Carbon Express Advantex"},"content":{"rendered":"","protected":false},"excerpt":{"rendered":"<p class=\"p1\">\u0160is ir jaun\u0101kais firmas Carbon Express arbalets, kur\u0161 b\u016bs lieliski piem\u0113rots, lai spertu pirmos so\u013cus \u0161au\u0161an\u0101 ar arbaletu.<\/p>\n<p class=\"p1\">Advantex ir viegls un apr\u012bkots ar dro\u0161ibas sist\u0113mu, kura ne\u013cauj veikt &#8220;sauso \u0161\u0101vienu&#8221;.<\/p>\n<p class=\"p1\">Komplekt\u0101 ietilpst: arbalets,t\u0113meklis 4&#215;32, 3 aluminija bultas,uzvilk\u0161anas siksna,bultu tur\u0113t\u0101js un sm\u0113re arbaleta sliedei.<\/p>\n<p class=\"p1\">Atvilk\u0161anas sp\u0113ks ir 165 lbs.<\/p>\n","protected":false},"featured_media":1697,"comment_status":"open","ping_status":"closed","template":"","meta":[],"product_cat":[61],"product_tag":[],"_links":{"self":[{"href":"https:\/\/foxarchery.lv\/en\/wp-json\/wp\/v2\/product\/1696"}],"collection":[{"href":"https:\/\/foxarchery.lv\/en\/wp-json\/wp\/v2\/product"}],"about":[{"href":"https:\/\/foxarchery.lv\/en\/wp-json\/wp\/v2\/types\/product"}],"replies":[{"embeddable":true,"href":"https:\/\/foxarchery.lv\/en\/wp-json\/wp\/v2\/comments?post=1696"}],"wp:featuredmedia":[{"embeddable":true,"href":"https:\/\/foxarchery.lv\/en\/wp-json\/wp\/v2\/media\/1697"}],"wp:attachment":[{"href":"https:\/\/foxarchery.lv\/en\/wp-json\/wp\/v2\/media?parent=1696"}],"wp:term":[{"taxonomy":"product_cat","embeddable":true,"href":"https:\/\/foxarchery.lv\/en\/wp-json\/wp\/v2\/product_cat?post=1696"},{"taxonomy":"product_tag","embeddable":true,"href":"https:\/\/foxarchery.lv\/en\/wp-json\/wp\/v2\/product_tag?post=1696"}],"curies":[{"name":"wp","href":"https:\/\/api.w.org\/{rel}","templated":true}]}}