{"id":2287,"date":"2018-05-11T21:30:17","date_gmt":"2018-05-11T18:30:17","guid":{"rendered":"https:\/\/foxarchery.lv\/?post_type=product&#038;p=2287"},"modified":"2018-05-11T21:30:17","modified_gmt":"2018-05-11T18:30:17","slug":"sausanas-cimds-falco-300r","status":"publish","type":"product","link":"https:\/\/foxarchery.lv\/en\/product\/sausanas-cimds-falco-300r\/","title":{"rendered":"\u0160au\u0161anas cimds Falco 300R"},"content":{"rendered":"","protected":false},"excerpt":{"rendered":"<p>\u0160au\u0161anas cimds no dab\u012bg\u0101s \u0101das. Pieejamie izm\u0113ri &#8211; XS, S,M, L, XL, XXL.<\/p>\n","protected":false},"featured_media":2288,"comment_status":"open","ping_status":"closed","template":"","meta":[],"product_cat":[56,59],"product_tag":[],"_links":{"self":[{"href":"https:\/\/foxarchery.lv\/en\/wp-json\/wp\/v2\/product\/2287"}],"collection":[{"href":"https:\/\/foxarchery.lv\/en\/wp-json\/wp\/v2\/product"}],"about":[{"href":"https:\/\/foxarchery.lv\/en\/wp-json\/wp\/v2\/types\/product"}],"replies":[{"embeddable":true,"href":"https:\/\/foxarchery.lv\/en\/wp-json\/wp\/v2\/comments?post=2287"}],"wp:featuredmedia":[{"embeddable":true,"href":"https:\/\/foxarchery.lv\/en\/wp-json\/wp\/v2\/media\/2288"}],"wp:attachment":[{"href":"https:\/\/foxarchery.lv\/en\/wp-json\/wp\/v2\/media?parent=2287"}],"wp:term":[{"taxonomy":"product_cat","embeddable":true,"href":"https:\/\/foxarchery.lv\/en\/wp-json\/wp\/v2\/product_cat?post=2287"},{"taxonomy":"product_tag","embeddable":true,"href":"https:\/\/foxarchery.lv\/en\/wp-json\/wp\/v2\/product_tag?post=2287"}],"curies":[{"name":"wp","href":"https:\/\/api.w.org\/{rel}","templated":true}]}}