{"id":2296,"date":"2018-05-11T21:43:30","date_gmt":"2018-05-11T18:43:30","guid":{"rendered":"https:\/\/foxarchery.lv\/?post_type=product&#038;p=2296"},"modified":"2018-05-11T21:43:30","modified_gmt":"2018-05-11T18:43:30","slug":"kompaktloka-komplekts-pse-stinger-x-field-ready","status":"publish","type":"product","link":"https:\/\/foxarchery.lv\/en\/product\/kompaktloka-komplekts-pse-stinger-x-field-ready\/","title":{"rendered":"Kompaktloka komplekts PSE Stinger X Field ready"},"content":{"rendered":"","protected":false},"excerpt":{"rendered":"<p>\u0160is ir jauns modelis no ASV komp\u0101nijas PSE. Tas ir viegls un \u0101trs un par izdev\u012bgu cenu un piln\u012bb\u0101 gatavs \u0161au\u0161anai &#8211; ready to shoot!<\/p>\n<p>Komplekt\u0101 ietilpst: Loks Stinger X,T\u0113meklis Gemini Sight,Plaukti\u0146\u0161 Whisker Biscuit,Stabilizators Flexxtech,Bultu tur\u0113t\u0101js Shadow,<br \/>\nPSE Neoprene Sling, Peep Sight, Nock Loop + Tru-Fire atlaid\u0113js, Supreme soma un 4x X-Weave bultas.<\/p>\n<p>Specifik\u0101cija:<br \/>\nATA\/IBO Speed 316-308 fps.<br \/>\nBrace Height 7-1\/8\u2033<br \/>\nAxle to Axle 32-1\/2\u2033<br \/>\nLetoff 75%<br \/>\ndraw length 29\u2033<br \/>\ndraw weight 70#, 60#, 50#<br \/>\nDraw Length Range 21\u2033 to 30\u2033<br \/>\nMass Weight 3.5 lbs.<br \/>\nMax. Limb Bolt Turns 12<\/p>\n","protected":false},"featured_media":2297,"comment_status":"open","ping_status":"closed","template":"","meta":[],"product_cat":[94,93],"product_tag":[],"_links":{"self":[{"href":"https:\/\/foxarchery.lv\/en\/wp-json\/wp\/v2\/product\/2296"}],"collection":[{"href":"https:\/\/foxarchery.lv\/en\/wp-json\/wp\/v2\/product"}],"about":[{"href":"https:\/\/foxarchery.lv\/en\/wp-json\/wp\/v2\/types\/product"}],"replies":[{"embeddable":true,"href":"https:\/\/foxarchery.lv\/en\/wp-json\/wp\/v2\/comments?post=2296"}],"wp:featuredmedia":[{"embeddable":true,"href":"https:\/\/foxarchery.lv\/en\/wp-json\/wp\/v2\/media\/2297"}],"wp:attachment":[{"href":"https:\/\/foxarchery.lv\/en\/wp-json\/wp\/v2\/media?parent=2296"}],"wp:term":[{"taxonomy":"product_cat","embeddable":true,"href":"https:\/\/foxarchery.lv\/en\/wp-json\/wp\/v2\/product_cat?post=2296"},{"taxonomy":"product_tag","embeddable":true,"href":"https:\/\/foxarchery.lv\/en\/wp-json\/wp\/v2\/product_tag?post=2296"}],"curies":[{"name":"wp","href":"https:\/\/api.w.org\/{rel}","templated":true}]}}